{"id":2877,"date":"2019-08-12T13:08:10","date_gmt":"2019-08-12T11:08:10","guid":{"rendered":"http:\/\/osfm-blagovna.splet.arnes.si\/?page_id=2877"},"modified":"2023-11-08T11:31:38","modified_gmt":"2023-11-08T10:31:38","slug":"zdravstveno-varstvo","status":"publish","type":"page","link":"https:\/\/www.blagovna.si\/?page_id=2877","title":{"rendered":"Zdravstveno varstvo"},"content":{"rendered":"<p>[et_pb_section fb_built=&#8221;1&#8243; fullwidth=&#8221;on&#8221; admin_label=&#8221;section&#8221; _builder_version=&#8221;4.16&#8243; global_colors_info=&#8221;{}&#8221;][et_pb_fullwidth_slider admin_label=&#8221;Fullwidth Slider&#8221; _builder_version=&#8221;4.18.0&#8243; custom_padding=&#8221;|||&#8221; custom_padding_tablet=&#8221;|||&#8221; custom_padding_phone=&#8221;|||&#8221; box_shadow_style=&#8221;preset6&#8243; box_shadow_blur=&#8221;10px&#8221; box_shadow_color=&#8221;rgba(0,0,0,0.1)&#8221; remove_inner_shadow=&#8221;off&#8221; hide_content_on_mobile=&#8221;off&#8221; hide_cta_on_mobile=&#8221;off&#8221; show_inner_shadow=&#8221;on&#8221; button_letter_spacing_hover=&#8221;0&#8243; global_module=&#8221;1575&#8243; saved_tabs=&#8221;all&#8221; global_colors_info=&#8221;{}&#8221; button_text_size__hover_enabled=&#8221;off&#8221; button_one_text_size__hover_enabled=&#8221;off&#8221; button_two_text_size__hover_enabled=&#8221;off&#8221; button_text_color__hover_enabled=&#8221;off&#8221; button_one_text_color__hover_enabled=&#8221;off&#8221; button_two_text_color__hover_enabled=&#8221;off&#8221; button_border_width__hover_enabled=&#8221;off&#8221; button_one_border_width__hover_enabled=&#8221;off&#8221; button_two_border_width__hover_enabled=&#8221;off&#8221; button_border_color__hover_enabled=&#8221;off&#8221; button_one_border_color__hover_enabled=&#8221;off&#8221; button_two_border_color__hover_enabled=&#8221;off&#8221; button_border_radius__hover_enabled=&#8221;off&#8221; button_one_border_radius__hover_enabled=&#8221;off&#8221; button_two_border_radius__hover_enabled=&#8221;off&#8221; button_letter_spacing__hover_enabled=&#8221;on&#8221; button_letter_spacing__hover=&#8221;0&#8243; button_one_letter_spacing__hover_enabled=&#8221;off&#8221; button_two_letter_spacing__hover_enabled=&#8221;off&#8221; button_bg_color__hover_enabled=&#8221;off&#8221; button_one_bg_color__hover_enabled=&#8221;off&#8221; button_two_bg_color__hover_enabled=&#8221;off&#8221;][et_pb_slide heading=&#8221;PO\u0160 Blagovna&#8221; _builder_version=&#8221;4.18.0&#8243; background_image=&#8221;https:\/\/www.blagovna.si\/files\/2015\/08\/blag4.jpg&#8221; background_enable_image=&#8221;on&#8221; button_icon_placement=&#8221;right&#8221; button_on_hover=&#8221;on&#8221; global_colors_info=&#8221;{}&#8221; button_one_text_size__hover_enabled=&#8221;off&#8221; button_two_text_size__hover_enabled=&#8221;off&#8221; button_one_text_color__hover_enabled=&#8221;off&#8221; button_two_text_color__hover_enabled=&#8221;off&#8221; button_one_border_width__hover_enabled=&#8221;off&#8221; button_two_border_width__hover_enabled=&#8221;off&#8221; button_one_border_color__hover_enabled=&#8221;off&#8221; button_two_border_color__hover_enabled=&#8221;off&#8221; button_one_border_radius__hover_enabled=&#8221;off&#8221; button_two_border_radius__hover_enabled=&#8221;off&#8221; button_letter_spacing__hover_enabled=&#8221;off&#8221; button_one_letter_spacing__hover_enabled=&#8221;off&#8221; button_two_letter_spacing__hover_enabled=&#8221;off&#8221; button_one_bg_color__hover_enabled=&#8221;off&#8221; button_two_bg_color__hover_enabled=&#8221;off&#8221; sticky_transition=&#8221;on&#8221;][\/et_pb_slide][et_pb_slide _builder_version=&#8221;4.18.0&#8243; _module_preset=&#8221;default&#8221; background_image=&#8221;https:\/\/www.blagovna.si\/files\/2015\/08\/logo-blagovna2.jpg&#8221; background_enable_image=&#8221;on&#8221; global_colors_info=&#8221;{}&#8221; sticky_transition=&#8221;on&#8221;][\/et_pb_slide][\/et_pb_fullwidth_slider][et_pb_fullwidth_menu menu_id=&#8221;4&#8243; menu_style=&#8221;centered&#8221; submenu_direction=&#8221;downwards&#8221; admin_label=&#8221;Fullwidth Menu&#8221; _builder_version=&#8221;4.18.0&#8243; background_color=&#8221;#fff347&#8243; hover_enabled=&#8221;0&#8243; global_colors_info=&#8221;{}&#8221; sticky_enabled=&#8221;0&#8243;][\/et_pb_fullwidth_menu][\/et_pb_section][et_pb_section fb_built=&#8221;1&#8243; admin_label=&#8221;section&#8221; _builder_version=&#8221;4.16&#8243; global_colors_info=&#8221;{}&#8221;][et_pb_row column_structure=&#8221;2_3,1_3&#8243; admin_label=&#8221;row&#8221; _builder_version=&#8221;4.16&#8243; background_size=&#8221;initial&#8221; background_position=&#8221;top_left&#8221; background_repeat=&#8221;repeat&#8221; global_colors_info=&#8221;{}&#8221;][et_pb_column type=&#8221;2_3&#8243; _builder_version=&#8221;4.16&#8243; custom_padding=&#8221;|||&#8221; global_colors_info=&#8221;{}&#8221; custom_padding__hover=&#8221;|||&#8221;][et_pb_text admin_label=&#8221;vsebina&#8221; _builder_version=&#8221;4.16&#8243; background_size=&#8221;initial&#8221; background_position=&#8221;top_left&#8221; background_repeat=&#8221;repeat&#8221; use_border_color=&#8221;off&#8221; border_color=&#8221;#ffffff&#8221; border_style=&#8221;solid&#8221; global_colors_info=&#8221;{}&#8221;]<strong>ZDRAVSTVENO VARSTVO<\/strong><\/p>\n<p>Zdravstveno preventivni program na \u0161olah poteka po Pravilniku za izvajanje preventivnega zdravstvenega varstva na primarni ravni.<\/p>\n<p>Zdravstveno vzgojna predavanja bodo potekala v okviru sistemati\u010dnih pregledov in po dogovoru glede na prilo\u017een program ter aktualno problematiko na \u0161oli.<\/p>\n<p>&nbsp;<\/p>\n<p>Sistemati\u010dni pregledi in cepljenja\u00a0bodo izvedeni v Zdravstvenem domu \u0160entjur \u00a0v dopoldanskem \u010dasu. U\u010dence spremlja razredni\u010darka. Sistemati\u010dni pregled obsega: zdravstveno vzgojo, pregled zdravstvene dokumentacije, osebno in dru\u017einsko anamnezo, socialno anamnezo, somatski pregled, razgovor z razrednikom, obvestila osebnim zdravnikom in star\u0161em, cepljenja po programu.<\/p>\n<p>Ta program se izvaja:<\/p>\n<ul>\n<li><strong>pri \u0161olskih novincih v \u010dasu do \u0161est mesecev pred vstopom v osnovno \u0161olo,<\/strong><\/li>\n<li><strong>in v 1. in 3. razredu. <\/strong><\/li>\n<\/ul>\n<p>Prav tako so organizirani sistemati\u010dni zobozdravni\u0161ki pregledi za u\u010dence 2. in 4. razreda v ZD \u0160entjur, ki jih izvaja zobozdravstvena ambulanta Ferdent.<\/p>\n<p>U\u010denci so nekaj dni prej pisno obve\u0161\u010deni, kdaj se bodo udele\u017eili sistematskega zobozdravni\u0161kega ali zdravni\u0161kega pregleda oz. cepljenja.<\/p>\n<p>U\u010denci od 2. do 5. razreda so vklju\u010deni tudi v akcijo TEKMOVANJE ZA \u010cISTE IN ZDRAVE ZOBE OB ZDRAVI \u00a0PREHRANI, ki poteka pod okriljem Stomatolo\u0161ke sekcije slovenskega zdravni\u0161kega dru\u0161tva, po vseh regijah republike Slovenije. Akcija poteka tako, da otroke enkrat mese\u010dno nenapovedano v razredu obi\u0161\u010de ustna higieni\u010darka Rosanda Klako\u010der in naklju\u010dno izbranim razdeli testne tablete, ki obarvajo zobne obloge. Otrok s \u010distimi zobmi prislu\u017ei razredu to\u010dko. Razred, ki zbere najve\u010dje \u0161tevilo to\u010dk, postane zmagovalec. Zmagovalni razred si ob koncu \u0161olskega leta prislu\u017ei nagrado.<\/p>\n<p><strong>Celoletna opravi\u010dila od pouka \u0161porta<\/strong><\/p>\n<p>Celoletna opravi\u010dila od pouka \u0161porta pridobivajo otroci skupaj s star\u0161i pri osebnem izbranem\u00a0 zdravniku<strong>.<\/strong><\/p>\n<p><strong>Opravi\u010dila za izostanke od pouka<\/strong><\/p>\n<p>U\u010denec dobi zdravni\u0161ko opravi\u010dilo, \u010de manjka ve\u010d kot pet \u0161olskih dni in je obiskal zdravnika.<\/p>\n<p>&nbsp;<\/p>\n<p>&nbsp;<br \/>\n[\/et_pb_text][\/et_pb_column][et_pb_column type=&#8221;1_3&#8243; _builder_version=&#8221;4.16&#8243; custom_padding=&#8221;|||&#8221; global_colors_info=&#8221;{}&#8221; custom_padding__hover=&#8221;|||&#8221;][\/et_pb_column][\/et_pb_row][\/et_pb_section]<\/p>\n","protected":false},"excerpt":{"rendered":"<p>ZDRAVSTVENO VARSTVO Zdravstveno preventivni program na \u0161olah poteka po Pravilniku za izvajanje preventivnega zdravstvenega varstva na primarni ravni. Zdravstveno vzgojna predavanja bodo potekala v okviru sistemati\u010dnih pregledov in po dogovoru glede na prilo\u017een program ter aktualno problematiko na \u0161oli. &nbsp; Sistemati\u010dni pregledi in cepljenja\u00a0bodo izvedeni v Zdravstvenem domu \u0160entjur \u00a0v dopoldanskem \u010dasu. U\u010dence spremlja razredni\u010darka. [&hellip;]<\/p>\n","protected":false},"author":4606,"featured_media":0,"parent":0,"menu_order":0,"comment_status":"closed","ping_status":"closed","template":"","meta":{"_et_pb_use_builder":"on","_et_pb_old_content":"","_et_gb_content_width":"","ngg_post_thumbnail":0,"footnotes":"","_expiration-date-status":"","_expiration-date":0,"_expiration-date-type":"","_expiration-date-categories":[],"_expiration-date-options":[]},"class_list":["post-2877","page","type-page","status-publish","hentry"],"_links":{"self":[{"href":"https:\/\/www.blagovna.si\/index.php?rest_route=\/wp\/v2\/pages\/2877","targetHints":{"allow":["GET"]}}],"collection":[{"href":"https:\/\/www.blagovna.si\/index.php?rest_route=\/wp\/v2\/pages"}],"about":[{"href":"https:\/\/www.blagovna.si\/index.php?rest_route=\/wp\/v2\/types\/page"}],"author":[{"embeddable":true,"href":"https:\/\/www.blagovna.si\/index.php?rest_route=\/wp\/v2\/users\/4606"}],"replies":[{"embeddable":true,"href":"https:\/\/www.blagovna.si\/index.php?rest_route=%2Fwp%2Fv2%2Fcomments&post=2877"}],"version-history":[{"count":3,"href":"https:\/\/www.blagovna.si\/index.php?rest_route=\/wp\/v2\/pages\/2877\/revisions"}],"predecessor-version":[{"id":6259,"href":"https:\/\/www.blagovna.si\/index.php?rest_route=\/wp\/v2\/pages\/2877\/revisions\/6259"}],"wp:attachment":[{"href":"https:\/\/www.blagovna.si\/index.php?rest_route=%2Fwp%2Fv2%2Fmedia&parent=2877"}],"curies":[{"name":"wp","href":"https:\/\/api.w.org\/{rel}","templated":true}]}}