{"id":8643,"date":"2026-04-24T09:11:41","date_gmt":"2026-04-24T07:11:41","guid":{"rendered":"https:\/\/osfm-blagovna.splet.arnes.si\/?page_id=8643"},"modified":"2026-04-24T09:32:48","modified_gmt":"2026-04-24T07:32:48","slug":"solsko-leto-2026-2027","status":"publish","type":"page","link":"https:\/\/www.blagovna.si\/?page_id=8643","title":{"rendered":"\u0160olsko leto 2026\/2027"},"content":{"rendered":"<p>[et_pb_section fb_built=&#8221;1&#8243; _builder_version=&#8221;4.16&#8243; global_colors_info=&#8221;{}&#8221;][et_pb_row _builder_version=&#8221;4.27.4&#8243; background_size=&#8221;initial&#8221; background_position=&#8221;top_left&#8221; background_repeat=&#8221;repeat&#8221; global_colors_info=&#8221;{}&#8221;][et_pb_column type=&#8221;4_4&#8243; _builder_version=&#8221;4.16&#8243; custom_padding=&#8221;|||&#8221; global_colors_info=&#8221;{}&#8221; custom_padding__hover=&#8221;|||&#8221;][et_pb_text _builder_version=&#8221;4.27.4&#8243; background_size=&#8221;initial&#8221; background_position=&#8221;top_left&#8221; background_repeat=&#8221;repeat&#8221; hover_enabled=&#8221;0&#8243; global_colors_info=&#8221;{}&#8221; sticky_enabled=&#8221;0&#8243;]<\/p>\n<p><a href=\"https:\/\/www.blagovna.si\/files\/2026\/04\/Prijavnica-Rap-BL_1-1.docx\">Prijavnica v RAP Blagovna 2026\/2027<\/a><\/p>\n<p>SEZNAM ZVEZKOV PO RAZREDIH IN PREDMETIH<\/p>\n<p>OBVESTILO O U\u010cBENIKIH IN DELOVNIH ZVEZKIH od 1. do 5. razreda<\/p>\n<p>SOGLASJE ZA ENOTNI NAKUP U\u010cNIH GRADIV &#8211; PRIJAVNICA ZA \u0160OLSKO LETO 2026\/2027<\/p>\n<p>&nbsp;<\/p>\n<p><strong><a href=\"http:\/\/osfm-blagovna.splet.arnes.si\/files\/2021\/05\/ElektronskoIzpolnjevanjePDFObrazcev.pdf\" target=\"_blank\" rel=\"noopener noreferrer\">Navodila za elektronsko izpolnjevanje PDF obrazcev<\/a><\/strong><\/p>\n<p>[\/et_pb_text][\/et_pb_column][\/et_pb_row][\/et_pb_section]<\/p>\n","protected":false},"excerpt":{"rendered":"<p>Prijavnica v RAP Blagovna 2026\/2027 SEZNAM ZVEZKOV PO RAZREDIH IN PREDMETIH OBVESTILO O U\u010cBENIKIH IN DELOVNIH ZVEZKIH od 1. do 5. razreda SOGLASJE ZA ENOTNI NAKUP U\u010cNIH GRADIV &#8211; PRIJAVNICA ZA \u0160OLSKO LETO 2026\/2027 &nbsp; Navodila za elektronsko izpolnjevanje PDF obrazcev<\/p>\n","protected":false},"author":101227,"featured_media":0,"parent":0,"menu_order":0,"comment_status":"closed","ping_status":"closed","template":"","meta":{"_et_pb_use_builder":"on","_et_pb_old_content":"","_et_gb_content_width":"","ngg_post_thumbnail":0,"footnotes":"","_expiration-date-status":"","_expiration-date":0,"_expiration-date-type":"","_expiration-date-categories":[],"_expiration-date-options":[]},"class_list":["post-8643","page","type-page","status-publish","hentry"],"_links":{"self":[{"href":"https:\/\/www.blagovna.si\/index.php?rest_route=\/wp\/v2\/pages\/8643","targetHints":{"allow":["GET"]}}],"collection":[{"href":"https:\/\/www.blagovna.si\/index.php?rest_route=\/wp\/v2\/pages"}],"about":[{"href":"https:\/\/www.blagovna.si\/index.php?rest_route=\/wp\/v2\/types\/page"}],"author":[{"embeddable":true,"href":"https:\/\/www.blagovna.si\/index.php?rest_route=\/wp\/v2\/users\/101227"}],"replies":[{"embeddable":true,"href":"https:\/\/www.blagovna.si\/index.php?rest_route=%2Fwp%2Fv2%2Fcomments&post=8643"}],"version-history":[{"count":4,"href":"https:\/\/www.blagovna.si\/index.php?rest_route=\/wp\/v2\/pages\/8643\/revisions"}],"predecessor-version":[{"id":8648,"href":"https:\/\/www.blagovna.si\/index.php?rest_route=\/wp\/v2\/pages\/8643\/revisions\/8648"}],"wp:attachment":[{"href":"https:\/\/www.blagovna.si\/index.php?rest_route=%2Fwp%2Fv2%2Fmedia&parent=8643"}],"curies":[{"name":"wp","href":"https:\/\/api.w.org\/{rel}","templated":true}]}}